{"id":7045,"date":"2025-08-27T13:44:58","date_gmt":"2025-08-27T13:44:58","guid":{"rendered":"https:\/\/bacobs.lt\/?page_id=7045"},"modified":"2025-08-27T20:19:57","modified_gmt":"2025-08-27T20:19:57","slug":"didmenine-prekyba","status":"publish","type":"page","link":"https:\/\/bacobs.lt\/en\/didmenine-prekyba\/","title":{"rendered":"Didmenin\u0117 prekyba"},"content":{"rendered":"<div data-elementor-type=\"wp-page\" data-elementor-id=\"7045\" class=\"elementor elementor-7045\" data-elementor-post-type=\"page\">\n\t\t\t\t\t\t<section class=\"elementor-section elementor-top-section elementor-element elementor-element-d7aca77 elementor-section-boxed elementor-section-height-default elementor-section-height-default\" data-id=\"d7aca77\" data-element_type=\"section\" data-settings=\"{&quot;background_background&quot;:&quot;classic&quot;}\">\n\t\t\t\t\t\t<div class=\"elementor-container elementor-column-gap-no\">\n\t\t\t\t\t<div class=\"elementor-column elementor-col-100 elementor-top-column elementor-element elementor-element-3b6709a\" data-id=\"3b6709a\" data-element_type=\"column\">\n\t\t\t<div class=\"elementor-widget-wrap elementor-element-populated\">\n\t\t\t\t\t\t<div class=\"elementor-element elementor-element-31bedc0 elementor-widget elementor-widget-heading\" data-id=\"31bedc0\" data-element_type=\"widget\" data-widget_type=\"heading.default\">\n\t\t\t\t\t<h1 class=\"elementor-heading-title elementor-size-default\">Didmenin\u0117 prekyba<\/h1>\t\t\t\t<\/div>\n\t\t\t\t<div class=\"elementor-element elementor-element-6641b89 elementor-widget elementor-widget-text-editor\" data-id=\"6641b89\" data-element_type=\"widget\" data-widget_type=\"text-editor.default\">\n\t\t\t\t\t\t\t\t\t<div class=\"rte\"><div class=\"rte\"><h2 data-start=\"219\" data-end=\"276\"><strong data-start=\"222\" data-end=\"276\">Didmenin\u0117 prekyba \u00a0grafiti priemon\u0117mis, biuro ir mokyklin\u0117mis prek\u0117mis bei aksesuarais.<\/strong><\/h2><p data-start=\"278\" data-end=\"345\">MB <strong data-start=\"281\" data-end=\"292\">GTechas<\/strong> (<a class=\"decorated-link\" href=\"https:\/\/bacobs.lt?utm_source=chatgpt.com\" target=\"_new\" rel=\"noopener\" data-start=\"294\" data-end=\"311\">https:\/\/bacobs.lt<\/a>) nuolat ie\u0161ko verslo partneri\u0173.<\/p><h3 data-start=\"347\" data-end=\"392\"><strong data-start=\"351\" data-end=\"392\">Kod\u0117l verta bendradarbiauti su mumis?<\/strong><\/h3><ul data-start=\"393\" data-end=\"888\"><li data-start=\"393\" data-end=\"420\"><p data-start=\"395\" data-end=\"420\">Auk\u0161tos kokyb\u0117s prek\u0117s.<\/p><\/li><li data-start=\"421\" data-end=\"535\"><p data-start=\"423\" data-end=\"535\">Nuolat augantis asortimentas.<\/p><\/li><li data-start=\"536\" data-end=\"637\"><p data-start=\"538\" data-end=\"637\">Galimyb\u0117 tiesiogiai si\u0173sti prekes J\u016bs\u0173 klientams.<\/p><\/li><li data-start=\"638\" data-end=\"751\"><p data-start=\"640\" data-end=\"751\">Preki\u0173 duomenys prieinami XML formatu: nuotraukos, apra\u0161ymai, kiekiai ir kita nuolat atnaujinama informacija.<\/p><\/li><li data-start=\"752\" data-end=\"841\"><p data-start=\"754\" data-end=\"841\">Prekes importuojame tiesiai i\u0161 gamintoj\u0173, tod\u0117l galime pasi\u016blyti konkurencing\u0105 kain\u0105.<\/p><\/li><li data-start=\"842\" data-end=\"888\"><p data-start=\"844\" data-end=\"888\">Netaikome minimalaus u\u017esakymo reikalavimo.<\/p><\/li><\/ul><h3 data-start=\"890\" data-end=\"925\"><strong data-start=\"894\" data-end=\"925\">Kontaktai bendradarbiavimui<\/strong><\/h3><ul data-start=\"926\" data-end=\"1163\"><li data-start=\"926\" data-end=\"962\"><p data-start=\"928\" data-end=\"962\"><strong data-start=\"928\" data-end=\"942\">Telefonas:<\/strong> +370 (691) 22 677<\/p><\/li><li data-start=\"963\" data-end=\"997\"><p data-start=\"965\" data-end=\"997\"><strong data-start=\"965\" data-end=\"980\">El. pa\u0161tas:<\/strong> <a class=\"decorated-link cursor-pointer\" rel=\"noopener\" data-start=\"981\" data-end=\"995\">info@bacobs.lt<\/a><\/p><\/li><li data-start=\"998\" data-end=\"1064\"><p data-start=\"1000\" data-end=\"1064\"><strong data-start=\"1000\" data-end=\"1022\">Juridinis adresas:<\/strong> Giedrai\u010di\u0173 g. 39, R53, LT-09302 Vilnius<\/p><\/li><li data-start=\"1065\" data-end=\"1096\"><p data-start=\"1067\" data-end=\"1096\"><strong data-start=\"1067\" data-end=\"1084\">\u012emon\u0117s kodas:<\/strong> 307096547<\/p><\/li><li data-start=\"1097\" data-end=\"1163\"><p data-start=\"1099\" data-end=\"1163\"><strong data-start=\"1099\" data-end=\"1122\">Interneto svetain\u0117:<\/strong> <a class=\"decorated-link\" href=\"https:\/\/bacobs.lt?utm_source=chatgpt.com\" target=\"_new\" rel=\"noopener\" data-start=\"1123\" data-end=\"1161\">https:\/\/bacobs.lt<\/a><\/p><\/li><\/ul><\/div><\/div>\t\t\t\t\t\t\t\t<\/div>\n\t\t\t\t\t<\/div>\n\t\t<\/div>\n\t\t\t\t\t<\/div>\n\t\t<\/section>\n\t\t\t\t<\/div>","protected":false},"excerpt":{"rendered":"<p>Didmenin\u0117 prekyba Didmenin\u0117 prekyba \u00a0grafiti priemon\u0117mis, biuro ir mokyklin\u0117mis prek\u0117mis bei aksesuarais. MB GTechas (https:\/\/bacobs.lt) nuolat ie\u0161ko verslo partneri\u0173. Kod\u0117l verta bendradarbiauti su mumis? Auk\u0161tos kokyb\u0117s prek\u0117s. Nuolat augantis asortimentas. Galimyb\u0117 tiesiogiai si\u0173sti prekes J\u016bs\u0173 klientams. Preki\u0173 duomenys prieinami XML formatu: nuotraukos, apra\u0161ymai, kiekiai ir kita nuolat atnaujinama informacija. Prekes importuojame tiesiai i\u0161 gamintoj\u0173, tod\u0117l [&hellip;]<\/p>","protected":false},"author":1,"featured_media":0,"parent":0,"menu_order":0,"comment_status":"closed","ping_status":"closed","template":"","meta":{"site-sidebar-layout":"no-sidebar","site-content-layout":"page-builder","ast-site-content-layout":"default","site-content-style":"default","site-sidebar-style":"default","ast-global-header-display":"","ast-banner-title-visibility":"","ast-main-header-display":"","ast-hfb-above-header-display":"","ast-hfb-below-header-display":"","ast-hfb-mobile-header-display":"","site-post-title":"","ast-breadcrumbs-content":"","ast-featured-img":"disabled","footer-sml-layout":"","theme-transparent-header-meta":"","adv-header-id-meta":"","stick-header-meta":"","header-above-stick-meta":"","header-main-stick-meta":"","header-below-stick-meta":"","astra-migrate-meta-layouts":"default","ast-page-background-enabled":"default","ast-page-background-meta":{"desktop":{"background-color":"var(--ast-global-color-4)","background-image":"","background-repeat":"repeat","background-position":"center center","background-size":"auto","background-attachment":"scroll","background-type":"","background-media":"","overlay-type":"","overlay-color":"","overlay-opacity":"","overlay-gradient":""},"tablet":{"background-color":"","background-image":"","background-repeat":"repeat","background-position":"center center","background-size":"auto","background-attachment":"scroll","background-type":"","background-media":"","overlay-type":"","overlay-color":"","overlay-opacity":"","overlay-gradient":""},"mobile":{"background-color":"","background-image":"","background-repeat":"repeat","background-position":"center center","background-size":"auto","background-attachment":"scroll","background-type":"","background-media":"","overlay-type":"","overlay-color":"","overlay-opacity":"","overlay-gradient":""}},"ast-content-background-meta":{"desktop":{"background-color":"var(--ast-global-color-5)","background-image":"","background-repeat":"repeat","background-position":"center center","background-size":"auto","background-attachment":"scroll","background-type":"","background-media":"","overlay-type":"","overlay-color":"","overlay-opacity":"","overlay-gradient":""},"tablet":{"background-color":"var(--ast-global-color-5)","background-image":"","background-repeat":"repeat","background-position":"center center","background-size":"auto","background-attachment":"scroll","background-type":"","background-media":"","overlay-type":"","overlay-color":"","overlay-opacity":"","overlay-gradient":""},"mobile":{"background-color":"var(--ast-global-color-5)","background-image":"","background-repeat":"repeat","background-position":"center center","background-size":"auto","background-attachment":"scroll","background-type":"","background-media":"","overlay-type":"","overlay-color":"","overlay-opacity":"","overlay-gradient":""}},"footnotes":""},"class_list":["post-7045","page","type-page","status-publish","hentry"],"yoast_head":"<!-- This site is optimized with the Yoast SEO Premium plugin v25.7.1 (Yoast SEO v25.8) - https:\/\/yoast.com\/wordpress\/plugins\/seo\/ -->\n<title>Didmenin\u0117 prekyba - Bacobs<\/title>\n<meta name=\"robots\" content=\"index, follow, max-snippet:-1, max-image-preview:large, max-video-preview:-1\" \/>\n<link rel=\"canonical\" href=\"https:\/\/bacobs.lt\/en\/didmenine-prekyba\/\" \/>\n<meta property=\"og:locale\" content=\"en_GB\" \/>\n<meta property=\"og:type\" content=\"article\" \/>\n<meta property=\"og:title\" content=\"Didmenin\u0117 prekyba\" \/>\n<meta property=\"og:description\" content=\"Didmenin\u0117 prekyba Didmenin\u0117 prekyba \u00a0grafiti priemon\u0117mis, biuro ir mokyklin\u0117mis prek\u0117mis bei aksesuarais. MB GTechas (https:\/\/bacobs.lt) nuolat ie\u0161ko verslo partneri\u0173. Kod\u0117l verta bendradarbiauti su mumis? Auk\u0161tos kokyb\u0117s prek\u0117s. Nuolat augantis asortimentas. Galimyb\u0117 tiesiogiai si\u0173sti prekes J\u016bs\u0173 klientams. Preki\u0173 duomenys prieinami XML formatu: nuotraukos, apra\u0161ymai, kiekiai ir kita nuolat atnaujinama informacija. Prekes importuojame tiesiai i\u0161 gamintoj\u0173, tod\u0117l [&hellip;]\" \/>\n<meta property=\"og:url\" content=\"https:\/\/bacobs.lt\/en\/didmenine-prekyba\/\" \/>\n<meta property=\"og:site_name\" content=\"Bacobs\" \/>\n<meta property=\"article:modified_time\" content=\"2025-08-27T20:19:57+00:00\" \/>\n<meta name=\"twitter:card\" content=\"summary_large_image\" \/>\n<meta name=\"twitter:label1\" content=\"Estimated reading time\" \/>\n\t<meta name=\"twitter:data1\" content=\"1 minute\" \/>\n<script type=\"application\/ld+json\" class=\"yoast-schema-graph\">{\"@context\":\"https:\/\/schema.org\",\"@graph\":[{\"@type\":\"WebPage\",\"@id\":\"https:\/\/bacobs.lt\/didmenine-prekyba\/\",\"url\":\"https:\/\/bacobs.lt\/didmenine-prekyba\/\",\"name\":\"Didmenin\u0117 prekyba - Bacobs\",\"isPartOf\":{\"@id\":\"https:\/\/bacobs.lt\/#website\"},\"datePublished\":\"2025-08-27T13:44:58+00:00\",\"dateModified\":\"2025-08-27T20:19:57+00:00\",\"breadcrumb\":{\"@id\":\"https:\/\/bacobs.lt\/didmenine-prekyba\/#breadcrumb\"},\"inLanguage\":\"en-GB\",\"potentialAction\":[{\"@type\":\"ReadAction\",\"target\":[\"https:\/\/bacobs.lt\/didmenine-prekyba\/\"]}]},{\"@type\":\"BreadcrumbList\",\"@id\":\"https:\/\/bacobs.lt\/didmenine-prekyba\/#breadcrumb\",\"itemListElement\":[{\"@type\":\"ListItem\",\"position\":1,\"name\":\"Home\",\"item\":\"https:\/\/bacobs.lt\/\"},{\"@type\":\"ListItem\",\"position\":2,\"name\":\"Didmenin\u0117 prekyba\"}]},{\"@type\":\"WebSite\",\"@id\":\"https:\/\/bacobs.lt\/#website\",\"url\":\"https:\/\/bacobs.lt\/\",\"name\":\"Bacobs\",\"description\":\"Electronic Store Website\",\"potentialAction\":[{\"@type\":\"SearchAction\",\"target\":{\"@type\":\"EntryPoint\",\"urlTemplate\":\"https:\/\/bacobs.lt\/?s={search_term_string}\"},\"query-input\":{\"@type\":\"PropertyValueSpecification\",\"valueRequired\":true,\"valueName\":\"search_term_string\"}}],\"inLanguage\":\"en-GB\"}]}<\/script>\n<!-- \/ Yoast SEO Premium plugin. -->","yoast_head_json":{"title":"Didmenin\u0117 prekyba - Bacobs","robots":{"index":"index","follow":"follow","max-snippet":"max-snippet:-1","max-image-preview":"max-image-preview:large","max-video-preview":"max-video-preview:-1"},"canonical":"https:\/\/bacobs.lt\/en\/didmenine-prekyba\/","og_locale":"en_GB","og_type":"article","og_title":"Didmenin\u0117 prekyba","og_description":"Didmenin\u0117 prekyba Didmenin\u0117 prekyba \u00a0grafiti priemon\u0117mis, biuro ir mokyklin\u0117mis prek\u0117mis bei aksesuarais. MB GTechas (https:\/\/bacobs.lt) nuolat ie\u0161ko verslo partneri\u0173. Kod\u0117l verta bendradarbiauti su mumis? Auk\u0161tos kokyb\u0117s prek\u0117s. Nuolat augantis asortimentas. Galimyb\u0117 tiesiogiai si\u0173sti prekes J\u016bs\u0173 klientams. Preki\u0173 duomenys prieinami XML formatu: nuotraukos, apra\u0161ymai, kiekiai ir kita nuolat atnaujinama informacija. Prekes importuojame tiesiai i\u0161 gamintoj\u0173, tod\u0117l [&hellip;]","og_url":"https:\/\/bacobs.lt\/en\/didmenine-prekyba\/","og_site_name":"Bacobs","article_modified_time":"2025-08-27T20:19:57+00:00","twitter_card":"summary_large_image","twitter_misc":{"Estimated reading time":"1 minute"},"schema":{"@context":"https:\/\/schema.org","@graph":[{"@type":"WebPage","@id":"https:\/\/bacobs.lt\/didmenine-prekyba\/","url":"https:\/\/bacobs.lt\/didmenine-prekyba\/","name":"Didmenin\u0117 prekyba - Bacobs","isPartOf":{"@id":"https:\/\/bacobs.lt\/#website"},"datePublished":"2025-08-27T13:44:58+00:00","dateModified":"2025-08-27T20:19:57+00:00","breadcrumb":{"@id":"https:\/\/bacobs.lt\/didmenine-prekyba\/#breadcrumb"},"inLanguage":"en-GB","potentialAction":[{"@type":"ReadAction","target":["https:\/\/bacobs.lt\/didmenine-prekyba\/"]}]},{"@type":"BreadcrumbList","@id":"https:\/\/bacobs.lt\/didmenine-prekyba\/#breadcrumb","itemListElement":[{"@type":"ListItem","position":1,"name":"Home","item":"https:\/\/bacobs.lt\/"},{"@type":"ListItem","position":2,"name":"Didmenin\u0117 prekyba"}]},{"@type":"WebSite","@id":"https:\/\/bacobs.lt\/#website","url":"https:\/\/bacobs.lt\/","name":"Bacobs","description":"Electronic Store Website","potentialAction":[{"@type":"SearchAction","target":{"@type":"EntryPoint","urlTemplate":"https:\/\/bacobs.lt\/?s={search_term_string}"},"query-input":{"@type":"PropertyValueSpecification","valueRequired":true,"valueName":"search_term_string"}}],"inLanguage":"en-GB"}]}},"_links":{"self":[{"href":"https:\/\/bacobs.lt\/en\/wp-json\/wp\/v2\/pages\/7045","targetHints":{"allow":["GET"]}}],"collection":[{"href":"https:\/\/bacobs.lt\/en\/wp-json\/wp\/v2\/pages"}],"about":[{"href":"https:\/\/bacobs.lt\/en\/wp-json\/wp\/v2\/types\/page"}],"author":[{"embeddable":true,"href":"https:\/\/bacobs.lt\/en\/wp-json\/wp\/v2\/users\/1"}],"replies":[{"embeddable":true,"href":"https:\/\/bacobs.lt\/en\/wp-json\/wp\/v2\/comments?post=7045"}],"version-history":[{"count":8,"href":"https:\/\/bacobs.lt\/en\/wp-json\/wp\/v2\/pages\/7045\/revisions"}],"predecessor-version":[{"id":7183,"href":"https:\/\/bacobs.lt\/en\/wp-json\/wp\/v2\/pages\/7045\/revisions\/7183"}],"wp:attachment":[{"href":"https:\/\/bacobs.lt\/en\/wp-json\/wp\/v2\/media?parent=7045"}],"curies":[{"name":"wp","href":"https:\/\/api.w.org\/{rel}","templated":true}]}}