{"id":812,"date":"2025-08-19T13:06:14","date_gmt":"2025-08-19T13:06:14","guid":{"rendered":"https:\/\/bacobs.lt\/about\/"},"modified":"2025-08-27T20:00:04","modified_gmt":"2025-08-27T20:00:04","slug":"apie-mus","status":"publish","type":"page","link":"https:\/\/bacobs.lt\/en\/apie-mus\/","title":{"rendered":"Apie mus"},"content":{"rendered":"<div data-elementor-type=\"wp-page\" data-elementor-id=\"812\" class=\"elementor elementor-812\" data-elementor-post-type=\"page\">\n\t\t\t\t<div class=\"elementor-element elementor-element-c5cb69c e-flex e-con-boxed e-con e-parent\" data-id=\"c5cb69c\" data-element_type=\"container\">\n\t\t\t\t\t<div class=\"e-con-inner\">\n\t\t\t\t<div class=\"elementor-element elementor-element-2f31f20 elementor-widget elementor-widget-text-editor\" data-id=\"2f31f20\" data-element_type=\"widget\" data-widget_type=\"text-editor.default\">\n\t\t\t\t\t\t\t\t\t<p data-start=\"123\" data-end=\"479\"><strong data-start=\"123\" data-end=\"136\">Bacobs.lt<\/strong><br data-start=\"136\" data-end=\"139\" \/>Ma\u017emenin\u0117 ir didmenin\u0117 prekyba grafiti priemon\u0117mis, biuro ir mokyklin\u0117mis prek\u0117mis bei aksesuarais.<\/p><p data-start=\"123\" data-end=\"479\">Parduodame auk\u0161tos kokyb\u0117s produktus ir nuolat atnaujiname asortiment\u0105, steb\u0117dami rinkos tendencijas. Siekiame pasi\u016blyti naujausius modelius u\u017e geriausi\u0105 kain\u0105 bei patikimus sprendimus kiekvienam menininkui, mokiniui ar biuro darbuotojui.<\/p><p data-start=\"481\" data-end=\"496\"><strong data-start=\"481\" data-end=\"494\">Kontaktai<\/strong><\/p><ul data-start=\"497\" data-end=\"915\"><li data-start=\"497\" data-end=\"521\"><p data-start=\"499\" data-end=\"521\"><strong data-start=\"499\" data-end=\"509\">\u012emon\u0117:<\/strong> MB GTechas<\/p><\/li><li data-start=\"522\" data-end=\"553\"><p data-start=\"524\" data-end=\"553\"><strong data-start=\"524\" data-end=\"541\">\u012emon\u0117s kodas:<\/strong> 307096547<\/p><\/li><li data-start=\"588\" data-end=\"666\"><p data-start=\"590\" data-end=\"666\"><strong data-start=\"590\" data-end=\"623\">\u012emon\u0117s registracijos adresas:<\/strong> Giedrai\u010di\u0173 g. 39, R53, LT-09302 Vilnius<\/p><\/li><li data-start=\"667\" data-end=\"736\"><p data-start=\"669\" data-end=\"736\"><strong data-start=\"669\" data-end=\"690\">Telefono numeris:<\/strong> +370 (691) 22 677 (Darbo dienomis: 9:00\u201317:00)<\/p><\/li><li data-start=\"737\" data-end=\"807\"><p data-start=\"739\" data-end=\"807\"><strong data-start=\"739\" data-end=\"763\">Elektroninis pa\u0161tas: <\/strong><a class=\"decorated-link cursor-pointer\" rel=\"noopener\" data-start=\"781\" data-end=\"805\">info@bacobs.lt<\/a><\/p><\/li><li data-start=\"808\" data-end=\"915\"><p data-start=\"810\" data-end=\"835\"><strong data-start=\"810\" data-end=\"833\">S\u0105skaitos numeris:<\/strong><\/p><ul data-start=\"838\" data-end=\"915\"><li data-start=\"838\" data-end=\"875\"><p data-start=\"840\" data-end=\"875\">Paysera: LT72 3500 0100 1829 5168<\/p><\/li><\/ul><\/li><\/ul>\t\t\t\t\t\t\t\t<\/div>\n\t\t\t\t\t<\/div>\n\t\t\t\t<\/div>\n\t\t\t\t<\/div>","protected":false},"excerpt":{"rendered":"<p>Bacobs.ltMa\u017emenin\u0117 ir didmenin\u0117 prekyba grafiti priemon\u0117mis, biuro ir mokyklin\u0117mis prek\u0117mis bei aksesuarais. Parduodame auk\u0161tos kokyb\u0117s produktus ir nuolat atnaujiname asortiment\u0105, steb\u0117dami rinkos tendencijas. Siekiame pasi\u016blyti naujausius modelius u\u017e geriausi\u0105 kain\u0105 bei patikimus sprendimus kiekvienam menininkui, mokiniui ar biuro darbuotojui. Kontaktai \u012emon\u0117: MB GTechas \u012emon\u0117s kodas: 307096547 \u012emon\u0117s registracijos adresas: Giedrai\u010di\u0173 g. 39, R53, LT-09302 Vilnius [&hellip;]<\/p>","protected":false},"author":1,"featured_media":0,"parent":0,"menu_order":0,"comment_status":"closed","ping_status":"closed","template":"","meta":{"site-sidebar-layout":"no-sidebar","site-content-layout":"page-builder","ast-site-content-layout":"full-width-container","site-content-style":"unboxed","site-sidebar-style":"unboxed","ast-global-header-display":"","ast-banner-title-visibility":"","ast-main-header-display":"","ast-hfb-above-header-display":"","ast-hfb-below-header-display":"","ast-hfb-mobile-header-display":"","site-post-title":"disabled","ast-breadcrumbs-content":"","ast-featured-img":"disabled","footer-sml-layout":"","theme-transparent-header-meta":"","adv-header-id-meta":"","stick-header-meta":"","header-above-stick-meta":"","header-main-stick-meta":"","header-below-stick-meta":"","astra-migrate-meta-layouts":"set","ast-page-background-enabled":"default","ast-page-background-meta":{"desktop":{"background-color":"var(--ast-global-color-4)","background-image":"","background-repeat":"repeat","background-position":"center center","background-size":"auto","background-attachment":"scroll","background-type":"","background-media":"","overlay-type":"","overlay-color":"","overlay-opacity":"","overlay-gradient":""},"tablet":{"background-color":"","background-image":"","background-repeat":"repeat","background-position":"center center","background-size":"auto","background-attachment":"scroll","background-type":"","background-media":"","overlay-type":"","overlay-color":"","overlay-opacity":"","overlay-gradient":""},"mobile":{"background-color":"","background-image":"","background-repeat":"repeat","background-position":"center center","background-size":"auto","background-attachment":"scroll","background-type":"","background-media":"","overlay-type":"","overlay-color":"","overlay-opacity":"","overlay-gradient":""}},"ast-content-background-meta":{"desktop":{"background-color":"var(--ast-global-color-5)","background-image":"","background-repeat":"repeat","background-position":"center center","background-size":"auto","background-attachment":"scroll","background-type":"","background-media":"","overlay-type":"","overlay-color":"","overlay-opacity":"","overlay-gradient":""},"tablet":{"background-color":"var(--ast-global-color-5)","background-image":"","background-repeat":"repeat","background-position":"center center","background-size":"auto","background-attachment":"scroll","background-type":"","background-media":"","overlay-type":"","overlay-color":"","overlay-opacity":"","overlay-gradient":""},"mobile":{"background-color":"var(--ast-global-color-5)","background-image":"","background-repeat":"repeat","background-position":"center center","background-size":"auto","background-attachment":"scroll","background-type":"","background-media":"","overlay-type":"","overlay-color":"","overlay-opacity":"","overlay-gradient":""}},"footnotes":""},"class_list":["post-812","page","type-page","status-publish","hentry"],"yoast_head":"<!-- This site is optimized with the Yoast SEO Premium plugin v25.7.1 (Yoast SEO v25.8) - https:\/\/yoast.com\/wordpress\/plugins\/seo\/ -->\n<title>Apie mus - Bacobs<\/title>\n<meta name=\"robots\" content=\"index, follow, max-snippet:-1, max-image-preview:large, max-video-preview:-1\" \/>\n<link rel=\"canonical\" href=\"https:\/\/bacobs.lt\/en\/apie-mus\/\" \/>\n<meta property=\"og:locale\" content=\"en_GB\" \/>\n<meta property=\"og:type\" content=\"article\" \/>\n<meta property=\"og:title\" content=\"Apie mus\" \/>\n<meta property=\"og:description\" content=\"Bacobs.ltMa\u017emenin\u0117 ir didmenin\u0117 prekyba grafiti priemon\u0117mis, biuro ir mokyklin\u0117mis prek\u0117mis bei aksesuarais. Parduodame auk\u0161tos kokyb\u0117s produktus ir nuolat atnaujiname asortiment\u0105, steb\u0117dami rinkos tendencijas. Siekiame pasi\u016blyti naujausius modelius u\u017e geriausi\u0105 kain\u0105 bei patikimus sprendimus kiekvienam menininkui, mokiniui ar biuro darbuotojui. Kontaktai \u012emon\u0117: MB GTechas \u012emon\u0117s kodas: 307096547 \u012emon\u0117s registracijos adresas: Giedrai\u010di\u0173 g. 39, R53, LT-09302 Vilnius [&hellip;]\" \/>\n<meta property=\"og:url\" content=\"https:\/\/bacobs.lt\/en\/apie-mus\/\" \/>\n<meta property=\"og:site_name\" content=\"Bacobs\" \/>\n<meta property=\"article:modified_time\" content=\"2025-08-27T20:00:04+00:00\" \/>\n<meta name=\"twitter:card\" content=\"summary_large_image\" \/>\n<meta name=\"twitter:label1\" content=\"Estimated reading time\" \/>\n\t<meta name=\"twitter:data1\" content=\"1 minute\" \/>\n<script type=\"application\/ld+json\" class=\"yoast-schema-graph\">{\"@context\":\"https:\/\/schema.org\",\"@graph\":[{\"@type\":\"WebPage\",\"@id\":\"https:\/\/bacobs.lt\/apie-mus\/\",\"url\":\"https:\/\/bacobs.lt\/apie-mus\/\",\"name\":\"Apie mus - Bacobs\",\"isPartOf\":{\"@id\":\"https:\/\/bacobs.lt\/#website\"},\"datePublished\":\"2025-08-19T13:06:14+00:00\",\"dateModified\":\"2025-08-27T20:00:04+00:00\",\"breadcrumb\":{\"@id\":\"https:\/\/bacobs.lt\/apie-mus\/#breadcrumb\"},\"inLanguage\":\"en-GB\",\"potentialAction\":[{\"@type\":\"ReadAction\",\"target\":[\"https:\/\/bacobs.lt\/apie-mus\/\"]}]},{\"@type\":\"BreadcrumbList\",\"@id\":\"https:\/\/bacobs.lt\/apie-mus\/#breadcrumb\",\"itemListElement\":[{\"@type\":\"ListItem\",\"position\":1,\"name\":\"Home\",\"item\":\"https:\/\/bacobs.lt\/\"},{\"@type\":\"ListItem\",\"position\":2,\"name\":\"Apie mus\"}]},{\"@type\":\"WebSite\",\"@id\":\"https:\/\/bacobs.lt\/#website\",\"url\":\"https:\/\/bacobs.lt\/\",\"name\":\"Bacobs\",\"description\":\"Electronic Store Website\",\"potentialAction\":[{\"@type\":\"SearchAction\",\"target\":{\"@type\":\"EntryPoint\",\"urlTemplate\":\"https:\/\/bacobs.lt\/?s={search_term_string}\"},\"query-input\":{\"@type\":\"PropertyValueSpecification\",\"valueRequired\":true,\"valueName\":\"search_term_string\"}}],\"inLanguage\":\"en-GB\"}]}<\/script>\n<!-- \/ Yoast SEO Premium plugin. -->","yoast_head_json":{"title":"Apie mus - Bacobs","robots":{"index":"index","follow":"follow","max-snippet":"max-snippet:-1","max-image-preview":"max-image-preview:large","max-video-preview":"max-video-preview:-1"},"canonical":"https:\/\/bacobs.lt\/en\/apie-mus\/","og_locale":"en_GB","og_type":"article","og_title":"Apie mus","og_description":"Bacobs.ltMa\u017emenin\u0117 ir didmenin\u0117 prekyba grafiti priemon\u0117mis, biuro ir mokyklin\u0117mis prek\u0117mis bei aksesuarais. Parduodame auk\u0161tos kokyb\u0117s produktus ir nuolat atnaujiname asortiment\u0105, steb\u0117dami rinkos tendencijas. Siekiame pasi\u016blyti naujausius modelius u\u017e geriausi\u0105 kain\u0105 bei patikimus sprendimus kiekvienam menininkui, mokiniui ar biuro darbuotojui. Kontaktai \u012emon\u0117: MB GTechas \u012emon\u0117s kodas: 307096547 \u012emon\u0117s registracijos adresas: Giedrai\u010di\u0173 g. 39, R53, LT-09302 Vilnius [&hellip;]","og_url":"https:\/\/bacobs.lt\/en\/apie-mus\/","og_site_name":"Bacobs","article_modified_time":"2025-08-27T20:00:04+00:00","twitter_card":"summary_large_image","twitter_misc":{"Estimated reading time":"1 minute"},"schema":{"@context":"https:\/\/schema.org","@graph":[{"@type":"WebPage","@id":"https:\/\/bacobs.lt\/apie-mus\/","url":"https:\/\/bacobs.lt\/apie-mus\/","name":"Apie mus - Bacobs","isPartOf":{"@id":"https:\/\/bacobs.lt\/#website"},"datePublished":"2025-08-19T13:06:14+00:00","dateModified":"2025-08-27T20:00:04+00:00","breadcrumb":{"@id":"https:\/\/bacobs.lt\/apie-mus\/#breadcrumb"},"inLanguage":"en-GB","potentialAction":[{"@type":"ReadAction","target":["https:\/\/bacobs.lt\/apie-mus\/"]}]},{"@type":"BreadcrumbList","@id":"https:\/\/bacobs.lt\/apie-mus\/#breadcrumb","itemListElement":[{"@type":"ListItem","position":1,"name":"Home","item":"https:\/\/bacobs.lt\/"},{"@type":"ListItem","position":2,"name":"Apie mus"}]},{"@type":"WebSite","@id":"https:\/\/bacobs.lt\/#website","url":"https:\/\/bacobs.lt\/","name":"Bacobs","description":"Electronic Store Website","potentialAction":[{"@type":"SearchAction","target":{"@type":"EntryPoint","urlTemplate":"https:\/\/bacobs.lt\/?s={search_term_string}"},"query-input":{"@type":"PropertyValueSpecification","valueRequired":true,"valueName":"search_term_string"}}],"inLanguage":"en-GB"}]}},"_links":{"self":[{"href":"https:\/\/bacobs.lt\/en\/wp-json\/wp\/v2\/pages\/812","targetHints":{"allow":["GET"]}}],"collection":[{"href":"https:\/\/bacobs.lt\/en\/wp-json\/wp\/v2\/pages"}],"about":[{"href":"https:\/\/bacobs.lt\/en\/wp-json\/wp\/v2\/types\/page"}],"author":[{"embeddable":true,"href":"https:\/\/bacobs.lt\/en\/wp-json\/wp\/v2\/users\/1"}],"replies":[{"embeddable":true,"href":"https:\/\/bacobs.lt\/en\/wp-json\/wp\/v2\/comments?post=812"}],"version-history":[{"count":7,"href":"https:\/\/bacobs.lt\/en\/wp-json\/wp\/v2\/pages\/812\/revisions"}],"predecessor-version":[{"id":7168,"href":"https:\/\/bacobs.lt\/en\/wp-json\/wp\/v2\/pages\/812\/revisions\/7168"}],"wp:attachment":[{"href":"https:\/\/bacobs.lt\/en\/wp-json\/wp\/v2\/media?parent=812"}],"curies":[{"name":"wp","href":"https:\/\/api.w.org\/{rel}","templated":true}]}}